{"id":22474,"date":"2023-07-04T17:55:14","date_gmt":"2023-07-04T15:55:14","guid":{"rendered":"https:\/\/www.clg-la-grange-du-bois-savigny-le-temple.fr\/?page_id=22474"},"modified":"2023-07-04T17:58:40","modified_gmt":"2023-07-04T15:58:40","slug":"federations-de-parents-deleves","status":"publish","type":"page","link":"https:\/\/www.clg-la-grange-du-bois-savigny-le-temple.fr\/?page_id=22474","title":{"rendered":"F\u00e9d\u00e9rations de parents d&#8217;\u00e9l\u00e8ves"},"content":{"rendered":"\n<p>APEI :<br><a>apeisltlagrangedubois@gmail.com<\/a><\/p>\n\n\n\n<p>LUPEIQS :<br><a>lupeiqs.collegelagrangedubois@gmail.com<\/a><\/p>\n","protected":false},"excerpt":{"rendered":"<p>APEI :apeisltlagrangedubois@gmail.com LUPEIQS :lupeiqs.collegelagrangedubois@gmail.com<\/p>\n","protected":false},"author":1,"featured_media":0,"parent":0,"menu_order":0,"comment_status":"closed","ping_status":"closed","template":"","meta":{"footnotes":""},"_links":{"self":[{"href":"https:\/\/www.clg-la-grange-du-bois-savigny-le-temple.fr\/index.php?rest_route=\/wp\/v2\/pages\/22474"}],"collection":[{"href":"https:\/\/www.clg-la-grange-du-bois-savigny-le-temple.fr\/index.php?rest_route=\/wp\/v2\/pages"}],"about":[{"href":"https:\/\/www.clg-la-grange-du-bois-savigny-le-temple.fr\/index.php?rest_route=\/wp\/v2\/types\/page"}],"author":[{"embeddable":true,"href":"https:\/\/www.clg-la-grange-du-bois-savigny-le-temple.fr\/index.php?rest_route=\/wp\/v2\/users\/1"}],"replies":[{"embeddable":true,"href":"https:\/\/www.clg-la-grange-du-bois-savigny-le-temple.fr\/index.php?rest_route=%2Fwp%2Fv2%2Fcomments&post=22474"}],"version-history":[{"count":2,"href":"https:\/\/www.clg-la-grange-du-bois-savigny-le-temple.fr\/index.php?rest_route=\/wp\/v2\/pages\/22474\/revisions"}],"predecessor-version":[{"id":22484,"href":"https:\/\/www.clg-la-grange-du-bois-savigny-le-temple.fr\/index.php?rest_route=\/wp\/v2\/pages\/22474\/revisions\/22484"}],"wp:attachment":[{"href":"https:\/\/www.clg-la-grange-du-bois-savigny-le-temple.fr\/index.php?rest_route=%2Fwp%2Fv2%2Fmedia&parent=22474"}],"curies":[{"name":"wp","href":"https:\/\/api.w.org\/{rel}","templated":true}]}}